{"id":169,"date":"2024-05-23T20:32:28","date_gmt":"2024-05-23T18:32:28","guid":{"rendered":"https:\/\/skinartsociety.de\/?page_id=169"},"modified":"2026-01-05T12:40:10","modified_gmt":"2026-01-05T11:40:10","slug":"impressum","status":"publish","type":"page","link":"https:\/\/skinartsociety.de\/?page_id=169","title":{"rendered":"Impressum"},"content":{"rendered":"<p>[et_pb_section fb_built=&#8220;1&#8243; _builder_version=&#8220;4.25.1&#8243; _module_preset=&#8220;default&#8220; global_colors_info=&#8220;{}&#8220;][et_pb_row _builder_version=&#8220;4.25.1&#8243; _module_preset=&#8220;default&#8220; global_colors_info=&#8220;{}&#8220;][et_pb_column type=&#8220;4_4&#8243; _builder_version=&#8220;4.25.1&#8243; _module_preset=&#8220;default&#8220; global_colors_info=&#8220;{}&#8220;][et_pb_text _builder_version=&#8220;4.25.1&#8243; _module_preset=&#8220;default&#8220; global_colors_info=&#8220;{}&#8220;]<\/p>\n<h1>IMPRESSUM<\/h1>\n<h2>ANGABEN GEM\u00c4SS \u00a7 5 DDG (vormals TMG)<\/h2>\n<h2><\/h2>\n<h2><span style=\"font-size: medium;\">Skin &amp; Art Society eGbR<\/span><br \/><span style=\"font-size: medium;\">Kulmbacher Str. 103<\/span><br \/><span style=\"font-size: medium;\">95213 M\u00fcnchberg<\/span><\/h2>\n<p>eingetragen im Gesellschaftsregister Hof, GsR 96<span style=\"font-size: medium;\"><\/span><\/p>\n<p>&nbsp;<\/p>\n<h2>KONTAKT:<\/h2>\n<p>Telefon: 09251\/4305962<br \/>Telefax: \u2013<br \/>E-Mail: info@skinartsociety.de<\/p>\n<h2>STREITSCHLICHTUNG<\/h2>\n<p>Die Europ\u00e4ische Kommission stellt<br \/>eine Plattform zur Online-Streitbeilegung (OS) bereit:<a href=\"http:\/\/ec.europa.eu\/consumers\/odr\"><br \/>http:\/\/ec.europa.eu\/consumers\/odr<\/a><br \/>Unsere E-Mail-Adresse finden Sie oben im Impressum.<\/p>\n<p>Wir sind nicht bereit oder verpflichtet, an Streitbeilegungsverfahren vor einer<br \/>Verbraucherschlichtungsstelle teilzunehmen.<\/p>\n<h2>HAFTUNG F\u00dcR INHALTE<\/h2>\n<p>Als Diensteanbieter sind wir gem\u00e4\u00df \u00a7 7 Abs.1 TMG f\u00fcr eigene Inhalte auf diesen Seiten<br \/>nach den allgemeinen Gesetzen verantwortlich. Nach \u00a7\u00a7 8 bis 10 TMG sind wir als<br \/>Diensteanbieter jedoch nicht verpflichtet, \u00fcbermittelte oder gespeicherte fremde Informationen zu<br \/>\u00fcberwachen oder nach Umst\u00e4nden zu forschen, die auf eine rechtswidrige T\u00e4tigkeit<br \/>hinweisen.<\/p>\n<p>Verpflichtungen zur Entfernung oder Sperrung der Nutzung von Informationen nach<br \/>den allgemeinen Gesetzen bleiben hiervon unber\u00fchrt. Eine diesbez\u00fcgliche Haftung ist jedoch<br \/>erst ab dem Zeitpunkt der Kenntnis einer konkreten Rechtsverletzung m\u00f6glich. Bei Bekanntwerden<br \/>von entsprechenden Rechtsverletzungen werden wir diese Inhalte umgehend entfernen.<\/p>\n<h2>HAFTUNG F\u00dcR LINKS<\/h2>\n<p>Unser Angebot enth\u00e4lt Links zu externen Webseiten Dritter, auf deren Inhalte wir keinen Einfluss haben.<br \/>Deshalb k\u00f6nnen wir f\u00fcr diese fremden Inhalte auch keine Gew\u00e4hr \u00fcbernehmen. F\u00fcr die Inhalte der verlinkten<br \/>Seiten ist stets der jeweilige Anbieter oder Betreiber der Seiten verantwortlich. Die verlinkten Seiten wurden<br \/>zum Zeitpunkt der Verlinkung auf m\u00f6gliche Rechtsverst\u00f6\u00dfe \u00fcberpr\u00fcft. Rechtswidrige Inhalte waren zum<br \/>Zeitpunkt der Verlinkung nicht erkennbar.<\/p>\n<p>Eine permanente inhaltliche Kontrolle der verlinkten Seiten ist jedoch ohne konkrete Anhaltspunkte einer Rechtsverletzung nicht zumutbar. Bei<br \/>Bekanntwerden von Rechtsverletzungen werden wir derartige Links umgehend entfernen.<\/p>\n<h2>URHEBERRECHT<\/h2>\n<p>Die durch die Seitenbetreiber erstellten Inhalte und Werke auf diesen Seiten<br \/>unterliegen dem deutschen Urheberrecht. Die Vervielf\u00e4ltigung, Bearbeitung, Verbreitung und jede<br \/>Art der Verwertung au\u00dferhalb der Grenzen des Urheberrechtes bed\u00fcrfen der schriftlichen<br \/>Zustimmung des jeweiligen Autors bzw. Erstellers. Downloads und Kopien dieser Seite sind nur f\u00fcr<br \/>den privaten, nicht kommerziellen Gebrauch gestattet.<\/p>\n<p>Soweit die Inhalte auf dieser Seite nicht<br \/>vom Betreiber erstellt wurden, werden die Urheberrechte Dritter beachtet. Insbesondere werden Inhalte<br \/>Dritter als solche gekennzeichnet. Sollten Sie trotzdem auf eine Urheberrechtsverletzung aufmerksam<br \/>werden, bitten wir um einen entsprechenden Hinweis. Bei Bekanntwerden von Rechtsverletzungen<br \/>werden wir derartige Inhalte umgehend entfernen.<\/p>\n<p>[\/et_pb_text][\/et_pb_column][\/et_pb_row][\/et_pb_section]<\/p>\n","protected":false},"excerpt":{"rendered":"<p>IMPRESSUM ANGABEN GEM\u00c4SS \u00a7 5 DDG (vormals TMG) Skin &amp; Art Society eGbRKulmbacher Str. 10395213 M\u00fcnchberg eingetragen im Gesellschaftsregister Hof, GsR 96 &nbsp; KONTAKT: Telefon: 09251\/4305962Telefax: \u2013E-Mail: info@skinartsociety.de STREITSCHLICHTUNG Die Europ\u00e4ische Kommission stellteine Plattform zur Online-Streitbeilegung (OS) bereit:http:\/\/ec.europa.eu\/consumers\/odrUnsere E-Mail-Adresse finden Sie oben im Impressum. Wir sind nicht bereit oder verpflichtet, an Streitbeilegungsverfahren vor einerVerbraucherschlichtungsstelle teilzunehmen. [&hellip;]<\/p>\n","protected":false},"author":1,"featured_media":0,"parent":0,"menu_order":0,"comment_status":"closed","ping_status":"closed","template":"","meta":{"_et_pb_use_builder":"on","_et_pb_old_content":"","_et_gb_content_width":"","_monsterinsights_skip_tracking":false,"_monsterinsights_sitenote_active":false,"_monsterinsights_sitenote_note":"","_monsterinsights_sitenote_category":0,"footnotes":""},"class_list":["post-169","page","type-page","status-publish","hentry"],"yoast_head":"<!-- This site is optimized with the Yoast SEO plugin v27.4 - https:\/\/yoast.com\/product\/yoast-seo-wordpress\/ -->\n<title>Impressum - Skin&amp;Art Society<\/title>\n<meta name=\"robots\" content=\"index, follow, max-snippet:-1, max-image-preview:large, max-video-preview:-1\" \/>\n<link rel=\"canonical\" href=\"https:\/\/skinartsociety.de\/?page_id=169\" \/>\n<meta property=\"og:locale\" content=\"de_DE\" \/>\n<meta property=\"og:type\" content=\"article\" \/>\n<meta property=\"og:title\" content=\"Impressum - Skin&amp;Art Society\" \/>\n<meta property=\"og:description\" content=\"IMPRESSUM ANGABEN GEM\u00c4SS \u00a7 5 DDG (vormals TMG) Skin &amp; Art Society eGbRKulmbacher Str. 10395213 M\u00fcnchberg eingetragen im Gesellschaftsregister Hof, GsR 96 &nbsp; KONTAKT: Telefon: 09251\/4305962Telefax: \u2013E-Mail: info@skinartsociety.de STREITSCHLICHTUNG Die Europ\u00e4ische Kommission stellteine Plattform zur Online-Streitbeilegung (OS) bereit:http:\/\/ec.europa.eu\/consumers\/odrUnsere E-Mail-Adresse finden Sie oben im Impressum. Wir sind nicht bereit oder verpflichtet, an Streitbeilegungsverfahren vor einerVerbraucherschlichtungsstelle teilzunehmen. [&hellip;]\" \/>\n<meta property=\"og:url\" content=\"https:\/\/skinartsociety.de\/?page_id=169\" \/>\n<meta property=\"og:site_name\" content=\"Skin&amp;Art Society\" \/>\n<meta property=\"article:publisher\" content=\"https:\/\/www.facebook.com\/skinartsociety\" \/>\n<meta property=\"article:modified_time\" content=\"2026-01-05T11:40:10+00:00\" \/>\n<meta name=\"twitter:card\" content=\"summary_large_image\" \/>\n<meta name=\"twitter:label1\" content=\"Gesch\u00e4tzte Lesezeit\" \/>\n\t<meta name=\"twitter:data1\" content=\"2\u00a0Minuten\" \/>\n<script type=\"application\/ld+json\" class=\"yoast-schema-graph\">{\"@context\":\"https:\\\/\\\/schema.org\",\"@graph\":[{\"@type\":\"WebPage\",\"@id\":\"https:\\\/\\\/skinartsociety.de\\\/?page_id=169\",\"url\":\"https:\\\/\\\/skinartsociety.de\\\/?page_id=169\",\"name\":\"Impressum - Skin&amp;Art Society\",\"isPartOf\":{\"@id\":\"https:\\\/\\\/skinartsociety.de\\\/#website\"},\"datePublished\":\"2024-05-23T18:32:28+00:00\",\"dateModified\":\"2026-01-05T11:40:10+00:00\",\"breadcrumb\":{\"@id\":\"https:\\\/\\\/skinartsociety.de\\\/?page_id=169#breadcrumb\"},\"inLanguage\":\"de\",\"potentialAction\":[{\"@type\":\"ReadAction\",\"target\":[\"https:\\\/\\\/skinartsociety.de\\\/?page_id=169\"]}]},{\"@type\":\"BreadcrumbList\",\"@id\":\"https:\\\/\\\/skinartsociety.de\\\/?page_id=169#breadcrumb\",\"itemListElement\":[{\"@type\":\"ListItem\",\"position\":1,\"name\":\"Startseite\",\"item\":\"https:\\\/\\\/skinartsociety.de\\\/\"},{\"@type\":\"ListItem\",\"position\":2,\"name\":\"Impressum\"}]},{\"@type\":\"WebSite\",\"@id\":\"https:\\\/\\\/skinartsociety.de\\\/#website\",\"url\":\"https:\\\/\\\/skinartsociety.de\\\/\",\"name\":\"Skin&Art Society Tattoo\",\"description\":\"Wo Haut zu Kunst wird und Kunst ein Zuhause findet.\",\"publisher\":{\"@id\":\"https:\\\/\\\/skinartsociety.de\\\/#organization\"},\"potentialAction\":[{\"@type\":\"SearchAction\",\"target\":{\"@type\":\"EntryPoint\",\"urlTemplate\":\"https:\\\/\\\/skinartsociety.de\\\/?s={search_term_string}\"},\"query-input\":{\"@type\":\"PropertyValueSpecification\",\"valueRequired\":true,\"valueName\":\"search_term_string\"}}],\"inLanguage\":\"de\"},{\"@type\":\"Organization\",\"@id\":\"https:\\\/\\\/skinartsociety.de\\\/#organization\",\"name\":\"Skin&Art Society Tattoo\",\"url\":\"https:\\\/\\\/skinartsociety.de\\\/\",\"logo\":{\"@type\":\"ImageObject\",\"inLanguage\":\"de\",\"@id\":\"https:\\\/\\\/skinartsociety.de\\\/#\\\/schema\\\/logo\\\/image\\\/\",\"url\":\"https:\\\/\\\/skinartsociety.de\\\/wp-content\\\/uploads\\\/2024\\\/06\\\/sas_logo_BLK.png\",\"contentUrl\":\"https:\\\/\\\/skinartsociety.de\\\/wp-content\\\/uploads\\\/2024\\\/06\\\/sas_logo_BLK.png\",\"width\":2034,\"height\":1403,\"caption\":\"Skin&Art Society Tattoo\"},\"image\":{\"@id\":\"https:\\\/\\\/skinartsociety.de\\\/#\\\/schema\\\/logo\\\/image\\\/\"},\"sameAs\":[\"https:\\\/\\\/www.facebook.com\\\/skinartsociety\",\"https:\\\/\\\/www.instagram.com\\\/skinartsociety2024\"]}]}<\/script>\n<!-- \/ Yoast SEO plugin. -->","yoast_head_json":{"title":"Impressum - Skin&amp;Art Society","robots":{"index":"index","follow":"follow","max-snippet":"max-snippet:-1","max-image-preview":"max-image-preview:large","max-video-preview":"max-video-preview:-1"},"canonical":"https:\/\/skinartsociety.de\/?page_id=169","og_locale":"de_DE","og_type":"article","og_title":"Impressum - Skin&amp;Art Society","og_description":"IMPRESSUM ANGABEN GEM\u00c4SS \u00a7 5 DDG (vormals TMG) Skin &amp; Art Society eGbRKulmbacher Str. 10395213 M\u00fcnchberg eingetragen im Gesellschaftsregister Hof, GsR 96 &nbsp; KONTAKT: Telefon: 09251\/4305962Telefax: \u2013E-Mail: info@skinartsociety.de STREITSCHLICHTUNG Die Europ\u00e4ische Kommission stellteine Plattform zur Online-Streitbeilegung (OS) bereit:http:\/\/ec.europa.eu\/consumers\/odrUnsere E-Mail-Adresse finden Sie oben im Impressum. Wir sind nicht bereit oder verpflichtet, an Streitbeilegungsverfahren vor einerVerbraucherschlichtungsstelle teilzunehmen. [&hellip;]","og_url":"https:\/\/skinartsociety.de\/?page_id=169","og_site_name":"Skin&amp;Art Society","article_publisher":"https:\/\/www.facebook.com\/skinartsociety","article_modified_time":"2026-01-05T11:40:10+00:00","twitter_card":"summary_large_image","twitter_misc":{"Gesch\u00e4tzte Lesezeit":"2\u00a0Minuten"},"schema":{"@context":"https:\/\/schema.org","@graph":[{"@type":"WebPage","@id":"https:\/\/skinartsociety.de\/?page_id=169","url":"https:\/\/skinartsociety.de\/?page_id=169","name":"Impressum - Skin&amp;Art Society","isPartOf":{"@id":"https:\/\/skinartsociety.de\/#website"},"datePublished":"2024-05-23T18:32:28+00:00","dateModified":"2026-01-05T11:40:10+00:00","breadcrumb":{"@id":"https:\/\/skinartsociety.de\/?page_id=169#breadcrumb"},"inLanguage":"de","potentialAction":[{"@type":"ReadAction","target":["https:\/\/skinartsociety.de\/?page_id=169"]}]},{"@type":"BreadcrumbList","@id":"https:\/\/skinartsociety.de\/?page_id=169#breadcrumb","itemListElement":[{"@type":"ListItem","position":1,"name":"Startseite","item":"https:\/\/skinartsociety.de\/"},{"@type":"ListItem","position":2,"name":"Impressum"}]},{"@type":"WebSite","@id":"https:\/\/skinartsociety.de\/#website","url":"https:\/\/skinartsociety.de\/","name":"Skin&Art Society Tattoo","description":"Wo Haut zu Kunst wird und Kunst ein Zuhause findet.","publisher":{"@id":"https:\/\/skinartsociety.de\/#organization"},"potentialAction":[{"@type":"SearchAction","target":{"@type":"EntryPoint","urlTemplate":"https:\/\/skinartsociety.de\/?s={search_term_string}"},"query-input":{"@type":"PropertyValueSpecification","valueRequired":true,"valueName":"search_term_string"}}],"inLanguage":"de"},{"@type":"Organization","@id":"https:\/\/skinartsociety.de\/#organization","name":"Skin&Art Society Tattoo","url":"https:\/\/skinartsociety.de\/","logo":{"@type":"ImageObject","inLanguage":"de","@id":"https:\/\/skinartsociety.de\/#\/schema\/logo\/image\/","url":"https:\/\/skinartsociety.de\/wp-content\/uploads\/2024\/06\/sas_logo_BLK.png","contentUrl":"https:\/\/skinartsociety.de\/wp-content\/uploads\/2024\/06\/sas_logo_BLK.png","width":2034,"height":1403,"caption":"Skin&Art Society Tattoo"},"image":{"@id":"https:\/\/skinartsociety.de\/#\/schema\/logo\/image\/"},"sameAs":["https:\/\/www.facebook.com\/skinartsociety","https:\/\/www.instagram.com\/skinartsociety2024"]}]}},"_links":{"self":[{"href":"https:\/\/skinartsociety.de\/index.php?rest_route=\/wp\/v2\/pages\/169","targetHints":{"allow":["GET"]}}],"collection":[{"href":"https:\/\/skinartsociety.de\/index.php?rest_route=\/wp\/v2\/pages"}],"about":[{"href":"https:\/\/skinartsociety.de\/index.php?rest_route=\/wp\/v2\/types\/page"}],"author":[{"embeddable":true,"href":"https:\/\/skinartsociety.de\/index.php?rest_route=\/wp\/v2\/users\/1"}],"replies":[{"embeddable":true,"href":"https:\/\/skinartsociety.de\/index.php?rest_route=%2Fwp%2Fv2%2Fcomments&post=169"}],"version-history":[{"count":6,"href":"https:\/\/skinartsociety.de\/index.php?rest_route=\/wp\/v2\/pages\/169\/revisions"}],"predecessor-version":[{"id":658,"href":"https:\/\/skinartsociety.de\/index.php?rest_route=\/wp\/v2\/pages\/169\/revisions\/658"}],"wp:attachment":[{"href":"https:\/\/skinartsociety.de\/index.php?rest_route=%2Fwp%2Fv2%2Fmedia&parent=169"}],"curies":[{"name":"wp","href":"https:\/\/api.w.org\/{rel}","templated":true}]}}