{"id":397,"date":"2024-06-19T10:22:59","date_gmt":"2024-06-19T08:22:59","guid":{"rendered":"https:\/\/skinartsociety.de\/?page_id=397"},"modified":"2024-07-05T19:15:53","modified_gmt":"2024-07-05T17:15:53","slug":"portfolio-ada-w","status":"publish","type":"page","link":"https:\/\/skinartsociety.de\/?page_id=397","title":{"rendered":"Portfolio Ada W."},"content":{"rendered":"<p>[et_pb_section fb_built=&#8220;1&#8243; admin_label=&#8220;Header&#8220; _builder_version=&#8220;4.19.1&#8243; _module_preset=&#8220;default&#8220; background_color=&#8220;gcid-c58d0f49-4478-4f0e-adea-65f847e9aac0&#8243; custom_padding=&#8220;||0px||false|false&#8220; collapsed=&#8220;on&#8220; global_colors_info=&#8220;{%22gcid-c58d0f49-4478-4f0e-adea-65f847e9aac0%22:%91%22background_color%22%93}&#8220;][et_pb_row column_structure=&#8220;1_2,1_2&#8243; _builder_version=&#8220;4.19.1&#8243; _module_preset=&#8220;default&#8220; global_colors_info=&#8220;{}&#8220;][et_pb_column type=&#8220;1_2&#8243; _builder_version=&#8220;4.19.1&#8243; _module_preset=&#8220;default&#8220; global_colors_info=&#8220;{}&#8220;][et_pb_text _builder_version=&#8220;4.25.2&#8243; _module_preset=&#8220;147a0c36-eab5-49d7-b5d7-af89582ec4cf&#8220; header_font=&#8220;Aclonica|700||on|||||&#8220; header_text_color=&#8220;#077C67&#8243; text_orientation=&#8220;center&#8220; global_colors_info=&#8220;{}&#8220;]<\/p>\n<h1>Ada<\/h1>\n<p>[\/et_pb_text][\/et_pb_column][et_pb_column type=&#8220;1_2&#8243; _builder_version=&#8220;4.19.1&#8243; _module_preset=&#8220;default&#8220; global_colors_info=&#8220;{}&#8220;][et_pb_text _builder_version=&#8220;4.25.2&#8243; _module_preset=&#8220;default&#8220; text_text_color=&#8220;#FFFFFF&#8220; global_colors_info=&#8220;{}&#8220;]<\/p>\n<p style=\"text-align: center;\">Willkommen auf Adas Portfolio-Website, der talentierten Tattoo Artistin, die sich durch ihre Expertise in knalligen Farben, sanften Schattierungen und Cover-Ups auszeichnet. Mit lebendigen Farbakzenten und flie\u00dfenden \u00dcberg\u00e4ngen kreiert Ada einzigartige Kunstwerke, die Geschichten erz\u00e4hlen und beeindrucken. Jedes Design wird individuell von ihr entworfen und perfekt auf die Pers\u00f6nlichkeit des Tr\u00e4gers abgestimmt.<\/p>\n<p style=\"text-align: center;\">Adas Kreativit\u00e4t und ihr Auge f\u00fcr Details sind in jeder ihrer Arbeiten deutlich erkennbar. Besonders im Bereich Cover-Ups ist sie eine Meisterin darin, alte Tattoos in neue Meisterwerke zu verwandeln.<\/p>\n<p>[\/et_pb_text][\/et_pb_column][\/et_pb_row][\/et_pb_section][et_pb_section fb_built=&#8220;1&#8243; admin_label=&#8220;Gallery&#8220; _builder_version=&#8220;4.19.1&#8243; _module_preset=&#8220;default&#8220; background_color=&#8220;gcid-c58d0f49-4478-4f0e-adea-65f847e9aac0&#8243; collapsed=&#8220;on&#8220; global_colors_info=&#8220;{%22gcid-c58d0f49-4478-4f0e-adea-65f847e9aac0%22:%91%22background_color%22%93}&#8220;][et_pb_row column_structure=&#8220;1_3,1_3,1_3&#8243; use_custom_gutter=&#8220;on&#8220; gutter_width=&#8220;2&#8243; make_equal=&#8220;on&#8220; custom_padding_last_edited=&#8220;on|tablet&#8220; _builder_version=&#8220;4.25.2&#8243; _module_preset=&#8220;default&#8220; width=&#8220;90%&#8220; max_width=&#8220;none&#8220; custom_padding_tablet=&#8220;||0px||false|false&#8220; custom_padding_phone=&#8220;||0px||false|false&#8220; global_colors_info=&#8220;{}&#8220;][et_pb_column type=&#8220;1_3&#8243; _builder_version=&#8220;4.25.2&#8243; _module_preset=&#8220;default&#8220; background_color=&#8220;RGBA(255,255,255,0)&#8220; global_colors_info=&#8220;{}&#8220;][et_pb_image src=&#8220;https:\/\/skinartsociety.de\/wp-content\/uploads\/2024\/06\/IMG_0050.jpeg&#8220; title_text=&#8220;Screenshot&#8220; align=&#8220;center&#8220; _builder_version=&#8220;4.25.2&#8243; _module_preset=&#8220;default&#8220; custom_margin=&#8220;||60px||false|false&#8220; custom_margin_tablet=&#8220;||30px||false|false&#8220; custom_margin_phone=&#8220;||30px||false|false&#8220; custom_margin_last_edited=&#8220;on|tablet&#8220; filter_saturate=&#8220;145%&#8220; global_colors_info=&#8220;{}&#8220;][\/et_pb_image][et_pb_image src=&#8220;https:\/\/skinartsociety.de\/wp-content\/uploads\/2024\/07\/IMG_9763.jpg&#8220; title_text=&#8220;IMG_9763&#8243; align=&#8220;center&#8220; _builder_version=&#8220;4.26.0&#8243; _module_preset=&#8220;default&#8220; filter_saturate=&#8220;148%&#8220; hover_enabled=&#8220;0&#8243; global_colors_info=&#8220;{}&#8220; sticky_enabled=&#8220;0&#8243;][\/et_pb_image][\/et_pb_column][et_pb_column type=&#8220;1_3&#8243; _builder_version=&#8220;4.19.1&#8243; _module_preset=&#8220;default&#8220; global_colors_info=&#8220;{}&#8220;][et_pb_image src=&#8220;https:\/\/skinartsociety.de\/wp-content\/uploads\/2024\/06\/IMG_0055.jpeg&#8220; title_text=&#8220;Screenshot&#8220; align=&#8220;center&#8220; _builder_version=&#8220;4.25.2&#8243; _module_preset=&#8220;default&#8220; custom_margin=&#8220;||60px||false|false&#8220; custom_margin_tablet=&#8220;||30px||false|false&#8220; custom_margin_phone=&#8220;||30px||false|false&#8220; custom_margin_last_edited=&#8220;on|tablet&#8220; locked=&#8220;off&#8220; global_colors_info=&#8220;{}&#8220;][\/et_pb_image][et_pb_image src=&#8220;https:\/\/skinartsociety.de\/wp-content\/uploads\/2024\/06\/IMG_0053.jpeg&#8220; title_text=&#8220;Screenshot&#8220; align=&#8220;center&#8220; _builder_version=&#8220;4.25.2&#8243; _module_preset=&#8220;default&#8220; filter_saturate=&#8220;153%&#8220; locked=&#8220;off&#8220; global_colors_info=&#8220;{}&#8220;][\/et_pb_image][\/et_pb_column][et_pb_column type=&#8220;1_3&#8243; _builder_version=&#8220;4.25.2&#8243; _module_preset=&#8220;default&#8220; background_image=&#8220;https:\/\/skinartsociety.de\/wp-content\/uploads\/2024\/06\/IMG_7808-scaled.jpeg&#8220; global_colors_info=&#8220;{}&#8220;][et_pb_divider show_divider=&#8220;off&#8220; _builder_version=&#8220;4.19.1&#8243; _module_preset=&#8220;default&#8220; height_tablet=&#8220;80vw&#8220; height_phone=&#8220;80vw&#8220; height_last_edited=&#8220;on|tablet&#8220; global_colors_info=&#8220;{}&#8220;][\/et_pb_divider][\/et_pb_column][\/et_pb_row][et_pb_row column_structure=&#8220;1_3,1_3,1_3&#8243; use_custom_gutter=&#8220;on&#8220; gutter_width=&#8220;2&#8243; custom_padding_last_edited=&#8220;on|tablet&#8220; _builder_version=&#8220;4.19.1&#8243; _module_preset=&#8220;default&#8220; width=&#8220;100%&#8220; max_width=&#8220;none&#8220; custom_padding_tablet=&#8220;||0px||false|false&#8220; custom_padding_phone=&#8220;||0px||false|false&#8220; global_colors_info=&#8220;{}&#8220;][et_pb_column type=&#8220;1_3&#8243; _builder_version=&#8220;4.19.1&#8243; _module_preset=&#8220;default&#8220; global_colors_info=&#8220;{}&#8220;][et_pb_image src=&#8220;https:\/\/skinartsociety.de\/wp-content\/uploads\/2024\/06\/IMG_4791.jpeg&#8220; title_text=&#8220;IMG_4791&#8243; align=&#8220;center&#8220; _builder_version=&#8220;4.25.2&#8243; _module_preset=&#8220;default&#8220; global_colors_info=&#8220;{}&#8220;][\/et_pb_image][\/et_pb_column][et_pb_column type=&#8220;1_3&#8243; _builder_version=&#8220;4.19.1&#8243; _module_preset=&#8220;default&#8220; global_colors_info=&#8220;{}&#8220;][et_pb_image src=&#8220;https:\/\/skinartsociety.de\/wp-content\/uploads\/2024\/06\/IMG_0021.jpeg&#8220; title_text=&#8220;Screenshot&#8220; align=&#8220;center&#8220; _builder_version=&#8220;4.26.0&#8243; _module_preset=&#8220;default&#8220; filter_saturate=&#8220;114%&#8220; hover_enabled=&#8220;0&#8243; locked=&#8220;off&#8220; global_colors_info=&#8220;{}&#8220; sticky_enabled=&#8220;0&#8243;][\/et_pb_image][\/et_pb_column][et_pb_column type=&#8220;1_3&#8243; _builder_version=&#8220;4.19.1&#8243; _module_preset=&#8220;default&#8220; global_colors_info=&#8220;{}&#8220;][et_pb_image src=&#8220;https:\/\/skinartsociety.de\/wp-content\/uploads\/2024\/06\/IMG_0029.jpeg&#8220; title_text=&#8220;Screenshot&#8220; align=&#8220;center&#8220; _builder_version=&#8220;4.25.2&#8243; _module_preset=&#8220;default&#8220; filter_saturate=&#8220;139%&#8220; locked=&#8220;off&#8220; global_colors_info=&#8220;{}&#8220;][\/et_pb_image][\/et_pb_column][\/et_pb_row][et_pb_row column_structure=&#8220;1_3,1_3,1_3&#8243; use_custom_gutter=&#8220;on&#8220; gutter_width=&#8220;2&#8243; custom_padding_last_edited=&#8220;on|tablet&#8220; _builder_version=&#8220;4.19.1&#8243; _module_preset=&#8220;default&#8220; width=&#8220;100%&#8220; max_width=&#8220;none&#8220; custom_padding_tablet=&#8220;||0px||false|false&#8220; custom_padding_phone=&#8220;||0px||false|false&#8220; global_colors_info=&#8220;{}&#8220;][et_pb_column type=&#8220;1_3&#8243; _builder_version=&#8220;4.19.1&#8243; _module_preset=&#8220;default&#8220; global_colors_info=&#8220;{}&#8220;][et_pb_image src=&#8220;https:\/\/skinartsociety.de\/wp-content\/uploads\/2024\/07\/IMG_9803.jpg&#8220; title_text=&#8220;IMG_9803&#8243; align=&#8220;center&#8220; _builder_version=&#8220;4.26.0&#8243; _module_preset=&#8220;default&#8220; hover_enabled=&#8220;0&#8243; global_colors_info=&#8220;{}&#8220; sticky_enabled=&#8220;0&#8243;][\/et_pb_image][\/et_pb_column][et_pb_column type=&#8220;1_3&#8243; _builder_version=&#8220;4.19.1&#8243; _module_preset=&#8220;default&#8220; global_colors_info=&#8220;{}&#8220;][et_pb_image src=&#8220;https:\/\/skinartsociety.de\/wp-content\/uploads\/2024\/06\/IMG_0057.jpeg&#8220; title_text=&#8220;Screenshot&#8220; align=&#8220;center&#8220; _builder_version=&#8220;4.25.2&#8243; _module_preset=&#8220;default&#8220; filter_saturate=&#8220;114%&#8220; locked=&#8220;off&#8220; global_colors_info=&#8220;{}&#8220;][\/et_pb_image][\/et_pb_column][et_pb_column type=&#8220;1_3&#8243; _builder_version=&#8220;4.19.1&#8243; _module_preset=&#8220;default&#8220; global_colors_info=&#8220;{}&#8220;][et_pb_image title_text=&#8220;Screenshot&#8220; align=&#8220;center&#8220; _builder_version=&#8220;4.26.0&#8243; _module_preset=&#8220;default&#8220; filter_saturate=&#8220;139%&#8220; hover_enabled=&#8220;0&#8243; locked=&#8220;off&#8220; global_colors_info=&#8220;{}&#8220; sticky_enabled=&#8220;0&#8243;][\/et_pb_image][\/et_pb_column][\/et_pb_row][et_pb_row column_structure=&#8220;1_3,1_3,1_3&#8243; use_custom_gutter=&#8220;on&#8220; gutter_width=&#8220;2&#8243; custom_padding_last_edited=&#8220;on|tablet&#8220; _builder_version=&#8220;4.19.1&#8243; _module_preset=&#8220;default&#8220; width=&#8220;100%&#8220; max_width=&#8220;none&#8220; custom_padding_tablet=&#8220;||0px||false|false&#8220; custom_padding_phone=&#8220;||0px||false|false&#8220; global_colors_info=&#8220;{}&#8220;][et_pb_column type=&#8220;1_3&#8243; _builder_version=&#8220;4.19.1&#8243; _module_preset=&#8220;default&#8220; global_colors_info=&#8220;{}&#8220;][et_pb_image src=&#8220;https:\/\/skinartsociety.de\/wp-content\/uploads\/2024\/06\/IMG_2764-scaled.jpeg&#8220; title_text=&#8220;IMG_2764&#8243; align=&#8220;center&#8220; _builder_version=&#8220;4.25.2&#8243; _module_preset=&#8220;default&#8220; global_colors_info=&#8220;{}&#8220;][\/et_pb_image][\/et_pb_column][et_pb_column type=&#8220;1_3&#8243; _builder_version=&#8220;4.19.1&#8243; _module_preset=&#8220;default&#8220; global_colors_info=&#8220;{}&#8220;][et_pb_image src=&#8220;https:\/\/skinartsociety.de\/wp-content\/uploads\/2024\/06\/IMG_0022.jpeg&#8220; title_text=&#8220;Screenshot&#8220; align=&#8220;center&#8220; _builder_version=&#8220;4.25.2&#8243; _module_preset=&#8220;default&#8220; filter_saturate=&#8220;120%&#8220; locked=&#8220;off&#8220; global_colors_info=&#8220;{}&#8220;][\/et_pb_image][\/et_pb_column][et_pb_column type=&#8220;1_3&#8243; _builder_version=&#8220;4.19.1&#8243; _module_preset=&#8220;default&#8220; global_colors_info=&#8220;{}&#8220;][et_pb_image src=&#8220;https:\/\/skinartsociety.de\/wp-content\/uploads\/2024\/06\/IMG_0019.jpeg&#8220; title_text=&#8220;Screenshot&#8220; align=&#8220;center&#8220; _builder_version=&#8220;4.25.2&#8243; _module_preset=&#8220;default&#8220; filter_saturate=&#8220;123%&#8220; locked=&#8220;off&#8220; global_colors_info=&#8220;{}&#8220;][\/et_pb_image][\/et_pb_column][\/et_pb_row][\/et_pb_section]<\/p>\n","protected":false},"excerpt":{"rendered":"<p>AdaWillkommen auf Adas Portfolio-Website, der talentierten Tattoo Artistin, die sich durch ihre Expertise in knalligen Farben, sanften Schattierungen und Cover-Ups auszeichnet. Mit lebendigen Farbakzenten und flie\u00dfenden \u00dcberg\u00e4ngen kreiert Ada einzigartige Kunstwerke, die Geschichten erz\u00e4hlen und beeindrucken. Jedes Design wird individuell von ihr entworfen und perfekt auf die Pers\u00f6nlichkeit des Tr\u00e4gers abgestimmt. Adas Kreativit\u00e4t und ihr [&hellip;]<\/p>\n","protected":false},"author":1,"featured_media":0,"parent":0,"menu_order":0,"comment_status":"closed","ping_status":"closed","template":"","meta":{"_et_pb_use_builder":"on","_et_pb_old_content":"","_et_gb_content_width":"","_monsterinsights_skip_tracking":false,"_monsterinsights_sitenote_active":false,"_monsterinsights_sitenote_note":"","_monsterinsights_sitenote_category":0,"footnotes":""},"class_list":["post-397","page","type-page","status-publish","hentry"],"yoast_head":"<!-- This site is optimized with the Yoast SEO plugin v27.4 - https:\/\/yoast.com\/product\/yoast-seo-wordpress\/ -->\n<title>Portfolio Ada W. - Skin&amp;Art Society<\/title>\n<meta name=\"robots\" content=\"index, follow, max-snippet:-1, max-image-preview:large, max-video-preview:-1\" \/>\n<link rel=\"canonical\" href=\"https:\/\/skinartsociety.de\/?page_id=397\" \/>\n<meta property=\"og:locale\" content=\"de_DE\" \/>\n<meta property=\"og:type\" content=\"article\" \/>\n<meta property=\"og:title\" content=\"Portfolio Ada W. - Skin&amp;Art Society\" \/>\n<meta property=\"og:description\" content=\"AdaWillkommen auf Adas Portfolio-Website, der talentierten Tattoo Artistin, die sich durch ihre Expertise in knalligen Farben, sanften Schattierungen und Cover-Ups auszeichnet. Mit lebendigen Farbakzenten und flie\u00dfenden \u00dcberg\u00e4ngen kreiert Ada einzigartige Kunstwerke, die Geschichten erz\u00e4hlen und beeindrucken. Jedes Design wird individuell von ihr entworfen und perfekt auf die Pers\u00f6nlichkeit des Tr\u00e4gers abgestimmt. Adas Kreativit\u00e4t und ihr [&hellip;]\" \/>\n<meta property=\"og:url\" content=\"https:\/\/skinartsociety.de\/?page_id=397\" \/>\n<meta property=\"og:site_name\" content=\"Skin&amp;Art Society\" \/>\n<meta property=\"article:publisher\" content=\"https:\/\/www.facebook.com\/skinartsociety\" \/>\n<meta property=\"article:modified_time\" content=\"2024-07-05T17:15:53+00:00\" \/>\n<meta name=\"twitter:card\" content=\"summary_large_image\" \/>\n<meta name=\"twitter:label1\" content=\"Gesch\u00e4tzte Lesezeit\" \/>\n\t<meta name=\"twitter:data1\" content=\"5\u00a0Minuten\" \/>\n<script type=\"application\/ld+json\" class=\"yoast-schema-graph\">{\"@context\":\"https:\\\/\\\/schema.org\",\"@graph\":[{\"@type\":\"WebPage\",\"@id\":\"https:\\\/\\\/skinartsociety.de\\\/?page_id=397\",\"url\":\"https:\\\/\\\/skinartsociety.de\\\/?page_id=397\",\"name\":\"Portfolio Ada W. - Skin&amp;Art Society\",\"isPartOf\":{\"@id\":\"https:\\\/\\\/skinartsociety.de\\\/#website\"},\"datePublished\":\"2024-06-19T08:22:59+00:00\",\"dateModified\":\"2024-07-05T17:15:53+00:00\",\"breadcrumb\":{\"@id\":\"https:\\\/\\\/skinartsociety.de\\\/?page_id=397#breadcrumb\"},\"inLanguage\":\"de\",\"potentialAction\":[{\"@type\":\"ReadAction\",\"target\":[\"https:\\\/\\\/skinartsociety.de\\\/?page_id=397\"]}]},{\"@type\":\"BreadcrumbList\",\"@id\":\"https:\\\/\\\/skinartsociety.de\\\/?page_id=397#breadcrumb\",\"itemListElement\":[{\"@type\":\"ListItem\",\"position\":1,\"name\":\"Startseite\",\"item\":\"https:\\\/\\\/skinartsociety.de\\\/\"},{\"@type\":\"ListItem\",\"position\":2,\"name\":\"Portfolio Ada W.\"}]},{\"@type\":\"WebSite\",\"@id\":\"https:\\\/\\\/skinartsociety.de\\\/#website\",\"url\":\"https:\\\/\\\/skinartsociety.de\\\/\",\"name\":\"Skin&Art Society Tattoo\",\"description\":\"Wo Haut zu Kunst wird und Kunst ein Zuhause findet.\",\"publisher\":{\"@id\":\"https:\\\/\\\/skinartsociety.de\\\/#organization\"},\"potentialAction\":[{\"@type\":\"SearchAction\",\"target\":{\"@type\":\"EntryPoint\",\"urlTemplate\":\"https:\\\/\\\/skinartsociety.de\\\/?s={search_term_string}\"},\"query-input\":{\"@type\":\"PropertyValueSpecification\",\"valueRequired\":true,\"valueName\":\"search_term_string\"}}],\"inLanguage\":\"de\"},{\"@type\":\"Organization\",\"@id\":\"https:\\\/\\\/skinartsociety.de\\\/#organization\",\"name\":\"Skin&Art Society Tattoo\",\"url\":\"https:\\\/\\\/skinartsociety.de\\\/\",\"logo\":{\"@type\":\"ImageObject\",\"inLanguage\":\"de\",\"@id\":\"https:\\\/\\\/skinartsociety.de\\\/#\\\/schema\\\/logo\\\/image\\\/\",\"url\":\"https:\\\/\\\/skinartsociety.de\\\/wp-content\\\/uploads\\\/2024\\\/06\\\/sas_logo_BLK.png\",\"contentUrl\":\"https:\\\/\\\/skinartsociety.de\\\/wp-content\\\/uploads\\\/2024\\\/06\\\/sas_logo_BLK.png\",\"width\":2034,\"height\":1403,\"caption\":\"Skin&Art Society Tattoo\"},\"image\":{\"@id\":\"https:\\\/\\\/skinartsociety.de\\\/#\\\/schema\\\/logo\\\/image\\\/\"},\"sameAs\":[\"https:\\\/\\\/www.facebook.com\\\/skinartsociety\",\"https:\\\/\\\/www.instagram.com\\\/skinartsociety2024\"]}]}<\/script>\n<!-- \/ Yoast SEO plugin. -->","yoast_head_json":{"title":"Portfolio Ada W. - Skin&amp;Art Society","robots":{"index":"index","follow":"follow","max-snippet":"max-snippet:-1","max-image-preview":"max-image-preview:large","max-video-preview":"max-video-preview:-1"},"canonical":"https:\/\/skinartsociety.de\/?page_id=397","og_locale":"de_DE","og_type":"article","og_title":"Portfolio Ada W. - Skin&amp;Art Society","og_description":"AdaWillkommen auf Adas Portfolio-Website, der talentierten Tattoo Artistin, die sich durch ihre Expertise in knalligen Farben, sanften Schattierungen und Cover-Ups auszeichnet. Mit lebendigen Farbakzenten und flie\u00dfenden \u00dcberg\u00e4ngen kreiert Ada einzigartige Kunstwerke, die Geschichten erz\u00e4hlen und beeindrucken. Jedes Design wird individuell von ihr entworfen und perfekt auf die Pers\u00f6nlichkeit des Tr\u00e4gers abgestimmt. Adas Kreativit\u00e4t und ihr [&hellip;]","og_url":"https:\/\/skinartsociety.de\/?page_id=397","og_site_name":"Skin&amp;Art Society","article_publisher":"https:\/\/www.facebook.com\/skinartsociety","article_modified_time":"2024-07-05T17:15:53+00:00","twitter_card":"summary_large_image","twitter_misc":{"Gesch\u00e4tzte Lesezeit":"5\u00a0Minuten"},"schema":{"@context":"https:\/\/schema.org","@graph":[{"@type":"WebPage","@id":"https:\/\/skinartsociety.de\/?page_id=397","url":"https:\/\/skinartsociety.de\/?page_id=397","name":"Portfolio Ada W. - Skin&amp;Art Society","isPartOf":{"@id":"https:\/\/skinartsociety.de\/#website"},"datePublished":"2024-06-19T08:22:59+00:00","dateModified":"2024-07-05T17:15:53+00:00","breadcrumb":{"@id":"https:\/\/skinartsociety.de\/?page_id=397#breadcrumb"},"inLanguage":"de","potentialAction":[{"@type":"ReadAction","target":["https:\/\/skinartsociety.de\/?page_id=397"]}]},{"@type":"BreadcrumbList","@id":"https:\/\/skinartsociety.de\/?page_id=397#breadcrumb","itemListElement":[{"@type":"ListItem","position":1,"name":"Startseite","item":"https:\/\/skinartsociety.de\/"},{"@type":"ListItem","position":2,"name":"Portfolio Ada W."}]},{"@type":"WebSite","@id":"https:\/\/skinartsociety.de\/#website","url":"https:\/\/skinartsociety.de\/","name":"Skin&Art Society Tattoo","description":"Wo Haut zu Kunst wird und Kunst ein Zuhause findet.","publisher":{"@id":"https:\/\/skinartsociety.de\/#organization"},"potentialAction":[{"@type":"SearchAction","target":{"@type":"EntryPoint","urlTemplate":"https:\/\/skinartsociety.de\/?s={search_term_string}"},"query-input":{"@type":"PropertyValueSpecification","valueRequired":true,"valueName":"search_term_string"}}],"inLanguage":"de"},{"@type":"Organization","@id":"https:\/\/skinartsociety.de\/#organization","name":"Skin&Art Society Tattoo","url":"https:\/\/skinartsociety.de\/","logo":{"@type":"ImageObject","inLanguage":"de","@id":"https:\/\/skinartsociety.de\/#\/schema\/logo\/image\/","url":"https:\/\/skinartsociety.de\/wp-content\/uploads\/2024\/06\/sas_logo_BLK.png","contentUrl":"https:\/\/skinartsociety.de\/wp-content\/uploads\/2024\/06\/sas_logo_BLK.png","width":2034,"height":1403,"caption":"Skin&Art Society Tattoo"},"image":{"@id":"https:\/\/skinartsociety.de\/#\/schema\/logo\/image\/"},"sameAs":["https:\/\/www.facebook.com\/skinartsociety","https:\/\/www.instagram.com\/skinartsociety2024"]}]}},"_links":{"self":[{"href":"https:\/\/skinartsociety.de\/index.php?rest_route=\/wp\/v2\/pages\/397","targetHints":{"allow":["GET"]}}],"collection":[{"href":"https:\/\/skinartsociety.de\/index.php?rest_route=\/wp\/v2\/pages"}],"about":[{"href":"https:\/\/skinartsociety.de\/index.php?rest_route=\/wp\/v2\/types\/page"}],"author":[{"embeddable":true,"href":"https:\/\/skinartsociety.de\/index.php?rest_route=\/wp\/v2\/users\/1"}],"replies":[{"embeddable":true,"href":"https:\/\/skinartsociety.de\/index.php?rest_route=%2Fwp%2Fv2%2Fcomments&post=397"}],"version-history":[{"count":10,"href":"https:\/\/skinartsociety.de\/index.php?rest_route=\/wp\/v2\/pages\/397\/revisions"}],"predecessor-version":[{"id":481,"href":"https:\/\/skinartsociety.de\/index.php?rest_route=\/wp\/v2\/pages\/397\/revisions\/481"}],"wp:attachment":[{"href":"https:\/\/skinartsociety.de\/index.php?rest_route=%2Fwp%2Fv2%2Fmedia&parent=397"}],"curies":[{"name":"wp","href":"https:\/\/api.w.org\/{rel}","templated":true}]}}