{"id":569,"date":"2025-04-25T10:27:07","date_gmt":"2025-04-25T08:27:07","guid":{"rendered":"https:\/\/skinartsociety.de\/?page_id=569"},"modified":"2025-11-08T13:06:48","modified_gmt":"2025-11-08T12:06:48","slug":"portfolio-piercing","status":"publish","type":"page","link":"https:\/\/skinartsociety.de\/?page_id=569","title":{"rendered":"Portfolio Piercing"},"content":{"rendered":"<p>[et_pb_section fb_built=&#8220;1&#8243; admin_label=&#8220;Header&#8220; _builder_version=&#8220;4.19.1&#8243; _module_preset=&#8220;default&#8220; background_color=&#8220;gcid-c58d0f49-4478-4f0e-adea-65f847e9aac0&#8243; custom_padding=&#8220;||0px||false|false&#8220; collapsed=&#8220;on&#8220; global_colors_info=&#8220;{%22gcid-c58d0f49-4478-4f0e-adea-65f847e9aac0%22:%91%22background_color%22%93}&#8220;][et_pb_row column_structure=&#8220;1_2,1_2&#8243; _builder_version=&#8220;4.19.1&#8243; _module_preset=&#8220;default&#8220; global_colors_info=&#8220;{}&#8220;][et_pb_column type=&#8220;1_2&#8243; _builder_version=&#8220;4.19.1&#8243; _module_preset=&#8220;default&#8220; global_colors_info=&#8220;{}&#8220;][et_pb_text _builder_version=&#8220;4.25.2&#8243; _module_preset=&#8220;147a0c36-eab5-49d7-b5d7-af89582ec4cf&#8220; header_font=&#8220;Aclonica|700||on|||||&#8220; header_text_color=&#8220;#077C67&#8243; text_orientation=&#8220;center&#8220; global_colors_info=&#8220;{}&#8220;]<\/p>\n<h1>Piercing<\/h1>\n<p>[\/et_pb_text][\/et_pb_column][et_pb_column type=&#8220;1_2&#8243; _builder_version=&#8220;4.19.1&#8243; _module_preset=&#8220;default&#8220; global_colors_info=&#8220;{}&#8220;][et_pb_text _builder_version=&#8220;4.27.4&#8243; _module_preset=&#8220;default&#8220; text_text_color=&#8220;#FFFFFF&#8220; global_colors_info=&#8220;{}&#8220;]<\/p>\n<p data-start=\"38\" data-end=\"272\" class=\"\">Wir sind deine Anlaufstelle, wenn es um pr\u00e4zise, stilvolle Piercings geht. Mit viel Feingef\u00fchl und einem Auge f\u00fcr \u00c4sthetik sorgen wir daf\u00fcr, dass dein neues Schmuckst\u00fcck perfekt sitzt und deine Pers\u00f6nlichkeit unterstreicht.<\/p>\n<p data-start=\"274\" data-end=\"561\" class=\"\">Ob klassische Piercings, trendige Looks oder ausgefallene Ideen \u2013 wir sind immer offen f\u00fcr kreative Projekte und helfen dir, deinen individuellen Style zu verwirklichen. Absolute Hygiene, Professionalit\u00e4t und eine entspannte Atmosph\u00e4re sind f\u00fcr uns dabei genauso wichtig wie deine Zufriedenheit.<\/p>\n<p data-start=\"563\" data-end=\"679\" class=\"\">Komm vorbei, lass uns gemeinsam deine n\u00e4chste Bodymod-Idee umsetzen und deinem Look das gewisse Etwas verleihen!<\/p>\n<p>Intim-Piercings zeigen wir an dieser Stelle verst\u00e4ndlicherweise nicht, du kannst allerdings bei uns im Laden nachfragen.<\/p>\n<p>[\/et_pb_text][\/et_pb_column][\/et_pb_row][\/et_pb_section][et_pb_section fb_built=&#8220;1&#8243; admin_label=&#8220;Gallery&#8220; _builder_version=&#8220;4.19.1&#8243; _module_preset=&#8220;default&#8220; background_color=&#8220;gcid-c58d0f49-4478-4f0e-adea-65f847e9aac0&#8243; collapsed=&#8220;on&#8220; global_colors_info=&#8220;{%22gcid-c58d0f49-4478-4f0e-adea-65f847e9aac0%22:%91%22background_color%22%93}&#8220;][et_pb_row column_structure=&#8220;1_5,1_5,1_5,1_5,1_5&#8243; use_custom_gutter=&#8220;on&#8220; gutter_width=&#8220;2&#8243; make_equal=&#8220;on&#8220; custom_padding_last_edited=&#8220;on|tablet&#8220; _builder_version=&#8220;4.25.2&#8243; _module_preset=&#8220;default&#8220; width=&#8220;90%&#8220; max_width=&#8220;none&#8220; custom_padding_tablet=&#8220;||0px||false|false&#8220; custom_padding_phone=&#8220;||0px||false|false&#8220; global_colors_info=&#8220;{}&#8220;][et_pb_column type=&#8220;1_5&#8243; _builder_version=&#8220;4.19.1&#8243; _module_preset=&#8220;default&#8220; global_colors_info=&#8220;{}&#8220;][et_pb_image src=&#8220;https:\/\/skinartsociety.de\/wp-content\/uploads\/2025\/11\/IMG_8050-scaled.jpeg&#8220; title_text=&#8220;IMG_8050&#8243; align=&#8220;center&#8220; _builder_version=&#8220;4.27.4&#8243; _module_preset=&#8220;default&#8220; custom_margin=&#8220;||60px||false|false&#8220; custom_margin_tablet=&#8220;||30px||false|false&#8220; custom_margin_phone=&#8220;||30px||false|false&#8220; custom_margin_last_edited=&#8220;on|tablet&#8220; hover_enabled=&#8220;0&#8243; global_colors_info=&#8220;{}&#8220; sticky_enabled=&#8220;0&#8243;][\/et_pb_image][\/et_pb_column][et_pb_column type=&#8220;1_5&#8243; _builder_version=&#8220;4.19.1&#8243; _module_preset=&#8220;default&#8220; global_colors_info=&#8220;{}&#8220;][et_pb_image src=&#8220;https:\/\/skinartsociety.de\/wp-content\/uploads\/2025\/11\/IMG_8016-scaled.jpeg&#8220; title_text=&#8220;IMG_8016&#8243; align=&#8220;center&#8220; _builder_version=&#8220;4.27.4&#8243; _module_preset=&#8220;default&#8220; custom_margin=&#8220;||60px||false|false&#8220; custom_margin_tablet=&#8220;||30px||false|false&#8220; custom_margin_phone=&#8220;||30px||false|false&#8220; custom_margin_last_edited=&#8220;on|tablet&#8220; hover_enabled=&#8220;0&#8243; locked=&#8220;off&#8220; global_colors_info=&#8220;{}&#8220; sticky_enabled=&#8220;0&#8243;][\/et_pb_image][et_pb_divider show_divider=&#8220;off&#8220; _builder_version=&#8220;4.19.1&#8243; _module_preset=&#8220;default&#8220; height_tablet=&#8220;80vw&#8220; height_phone=&#8220;80vw&#8220; height_last_edited=&#8220;on|tablet&#8220; global_colors_info=&#8220;{}&#8220;][\/et_pb_divider][\/et_pb_column][et_pb_column type=&#8220;1_5&#8243; _builder_version=&#8220;4.19.1&#8243; _module_preset=&#8220;default&#8220; global_colors_info=&#8220;{}&#8220;][et_pb_image src=&#8220;https:\/\/skinartsociety.de\/wp-content\/uploads\/2025\/11\/IMG_7841-scaled.jpeg&#8220; title_text=&#8220;IMG_7841&#8243; align=&#8220;center&#8220; _builder_version=&#8220;4.27.4&#8243; _module_preset=&#8220;default&#8220; custom_margin=&#8220;||60px||false|false&#8220; custom_margin_tablet=&#8220;||30px||false|false&#8220; custom_margin_phone=&#8220;||30px||false|false&#8220; custom_margin_last_edited=&#8220;on|tablet&#8220; hover_enabled=&#8220;0&#8243; locked=&#8220;off&#8220; global_colors_info=&#8220;{}&#8220; sticky_enabled=&#8220;0&#8243;][\/et_pb_image][\/et_pb_column][et_pb_column type=&#8220;1_5&#8243; _builder_version=&#8220;4.19.1&#8243; _module_preset=&#8220;default&#8220; global_colors_info=&#8220;{}&#8220;][et_pb_image src=&#8220;https:\/\/skinartsociety.de\/wp-content\/uploads\/2025\/11\/IMG_9460-scaled.jpeg&#8220; title_text=&#8220;IMG_9460&#8243; align=&#8220;center&#8220; _builder_version=&#8220;4.27.4&#8243; _module_preset=&#8220;default&#8220; hover_enabled=&#8220;0&#8243; locked=&#8220;off&#8220; global_colors_info=&#8220;{}&#8220; sticky_enabled=&#8220;0&#8243;][\/et_pb_image][\/et_pb_column][et_pb_column type=&#8220;1_5&#8243; _builder_version=&#8220;4.19.1&#8243; _module_preset=&#8220;default&#8220; global_colors_info=&#8220;{}&#8220;][et_pb_image src=&#8220;https:\/\/skinartsociety.de\/wp-content\/uploads\/2025\/11\/IMG_6235-scaled.jpeg&#8220; title_text=&#8220;IMG_6235&#8243; align=&#8220;center&#8220; _builder_version=&#8220;4.27.4&#8243; _module_preset=&#8220;default&#8220; hover_enabled=&#8220;0&#8243; global_colors_info=&#8220;{}&#8220; sticky_enabled=&#8220;0&#8243;][\/et_pb_image][\/et_pb_column][\/et_pb_row][et_pb_row column_structure=&#8220;1_5,1_5,1_5,1_5,1_5&#8243; use_custom_gutter=&#8220;on&#8220; gutter_width=&#8220;2&#8243; make_equal=&#8220;on&#8220; custom_padding_last_edited=&#8220;on|tablet&#8220; _builder_version=&#8220;4.25.2&#8243; _module_preset=&#8220;default&#8220; width=&#8220;90%&#8220; max_width=&#8220;none&#8220; custom_padding_tablet=&#8220;||0px||false|false&#8220; custom_padding_phone=&#8220;||0px||false|false&#8220; global_colors_info=&#8220;{}&#8220;][et_pb_column type=&#8220;1_5&#8243; _builder_version=&#8220;4.19.1&#8243; _module_preset=&#8220;default&#8220; global_colors_info=&#8220;{}&#8220;][et_pb_image src=&#8220;https:\/\/skinartsociety.de\/wp-content\/uploads\/2025\/11\/IMG_6951-scaled.jpeg&#8220; title_text=&#8220;IMG_6951&#8243; align=&#8220;center&#8220; _builder_version=&#8220;4.27.4&#8243; _module_preset=&#8220;default&#8220; custom_margin=&#8220;||60px||false|false&#8220; custom_margin_tablet=&#8220;||30px||false|false&#8220; custom_margin_phone=&#8220;||30px||false|false&#8220; custom_margin_last_edited=&#8220;on|tablet&#8220; hover_enabled=&#8220;0&#8243; global_colors_info=&#8220;{}&#8220; sticky_enabled=&#8220;0&#8243;][\/et_pb_image][\/et_pb_column][et_pb_column type=&#8220;1_5&#8243; _builder_version=&#8220;4.19.1&#8243; _module_preset=&#8220;default&#8220; global_colors_info=&#8220;{}&#8220;][et_pb_image src=&#8220;https:\/\/skinartsociety.de\/wp-content\/uploads\/2025\/11\/IMG_8565-scaled.jpeg&#8220; title_text=&#8220;IMG_8565&#8243; align=&#8220;center&#8220; _builder_version=&#8220;4.27.4&#8243; _module_preset=&#8220;default&#8220; custom_margin=&#8220;||60px||false|false&#8220; custom_margin_tablet=&#8220;||30px||false|false&#8220; custom_margin_phone=&#8220;||30px||false|false&#8220; custom_margin_last_edited=&#8220;on|tablet&#8220; hover_enabled=&#8220;0&#8243; locked=&#8220;off&#8220; global_colors_info=&#8220;{}&#8220; sticky_enabled=&#8220;0&#8243;][\/et_pb_image][et_pb_divider show_divider=&#8220;off&#8220; _builder_version=&#8220;4.19.1&#8243; _module_preset=&#8220;default&#8220; height_tablet=&#8220;80vw&#8220; height_phone=&#8220;80vw&#8220; height_last_edited=&#8220;on|tablet&#8220; global_colors_info=&#8220;{}&#8220;][\/et_pb_divider][\/et_pb_column][et_pb_column type=&#8220;1_5&#8243; _builder_version=&#8220;4.19.1&#8243; _module_preset=&#8220;default&#8220; global_colors_info=&#8220;{}&#8220;][et_pb_image src=&#8220;https:\/\/skinartsociety.de\/wp-content\/uploads\/2025\/11\/IMG_5905-scaled.jpeg&#8220; title_text=&#8220;IMG_5905&#8243; align=&#8220;center&#8220; _builder_version=&#8220;4.27.4&#8243; _module_preset=&#8220;default&#8220; custom_margin=&#8220;||60px||false|false&#8220; custom_margin_tablet=&#8220;||30px||false|false&#8220; custom_margin_phone=&#8220;||30px||false|false&#8220; custom_margin_last_edited=&#8220;on|tablet&#8220; hover_enabled=&#8220;0&#8243; locked=&#8220;off&#8220; global_colors_info=&#8220;{}&#8220; sticky_enabled=&#8220;0&#8243;][\/et_pb_image][\/et_pb_column][et_pb_column type=&#8220;1_5&#8243; _builder_version=&#8220;4.19.1&#8243; _module_preset=&#8220;default&#8220; global_colors_info=&#8220;{}&#8220;][et_pb_image src=&#8220;https:\/\/skinartsociety.de\/wp-content\/uploads\/2025\/11\/IMG_9573-scaled.jpeg&#8220; title_text=&#8220;IMG_9573&#8243; align=&#8220;center&#8220; _builder_version=&#8220;4.27.4&#8243; _module_preset=&#8220;default&#8220; hover_enabled=&#8220;0&#8243; locked=&#8220;off&#8220; global_colors_info=&#8220;{}&#8220; sticky_enabled=&#8220;0&#8243;][\/et_pb_image][\/et_pb_column][et_pb_column type=&#8220;1_5&#8243; _builder_version=&#8220;4.19.1&#8243; _module_preset=&#8220;default&#8220; global_colors_info=&#8220;{}&#8220;][et_pb_image src=&#8220;https:\/\/skinartsociety.de\/wp-content\/uploads\/2025\/11\/IMG_5848-scaled.jpeg&#8220; title_text=&#8220;IMG_5848&#8243; align=&#8220;center&#8220; _builder_version=&#8220;4.27.4&#8243; _module_preset=&#8220;default&#8220; hover_enabled=&#8220;0&#8243; global_colors_info=&#8220;{}&#8220; sticky_enabled=&#8220;0&#8243;][\/et_pb_image][\/et_pb_column][\/et_pb_row][et_pb_row column_structure=&#8220;1_5,1_5,1_5,1_5,1_5&#8243; use_custom_gutter=&#8220;on&#8220; gutter_width=&#8220;2&#8243; make_equal=&#8220;on&#8220; custom_padding_last_edited=&#8220;on|tablet&#8220; _builder_version=&#8220;4.25.2&#8243; _module_preset=&#8220;default&#8220; width=&#8220;90%&#8220; max_width=&#8220;none&#8220; custom_padding_tablet=&#8220;||0px||false|false&#8220; custom_padding_phone=&#8220;||0px||false|false&#8220; global_colors_info=&#8220;{}&#8220;][et_pb_column type=&#8220;1_5&#8243; _builder_version=&#8220;4.19.1&#8243; _module_preset=&#8220;default&#8220; global_colors_info=&#8220;{}&#8220;][et_pb_image src=&#8220;https:\/\/skinartsociety.de\/wp-content\/uploads\/2025\/11\/IMG_6094-scaled.jpeg&#8220; title_text=&#8220;IMG_6094&#8243; align=&#8220;center&#8220; _builder_version=&#8220;4.27.4&#8243; _module_preset=&#8220;default&#8220; custom_margin=&#8220;||60px||false|false&#8220; custom_margin_tablet=&#8220;||30px||false|false&#8220; custom_margin_phone=&#8220;||30px||false|false&#8220; custom_margin_last_edited=&#8220;on|tablet&#8220; hover_enabled=&#8220;0&#8243; global_colors_info=&#8220;{}&#8220; sticky_enabled=&#8220;0&#8243;][\/et_pb_image][\/et_pb_column][et_pb_column type=&#8220;1_5&#8243; _builder_version=&#8220;4.19.1&#8243; _module_preset=&#8220;default&#8220; global_colors_info=&#8220;{}&#8220;][et_pb_image src=&#8220;https:\/\/skinartsociety.de\/wp-content\/uploads\/2025\/11\/IMG_5981-scaled.jpeg&#8220; title_text=&#8220;IMG_5981&#8243; align=&#8220;center&#8220; _builder_version=&#8220;4.27.4&#8243; _module_preset=&#8220;default&#8220; custom_margin=&#8220;||60px||false|false&#8220; custom_margin_tablet=&#8220;||30px||false|false&#8220; custom_margin_phone=&#8220;||30px||false|false&#8220; custom_margin_last_edited=&#8220;on|tablet&#8220; hover_enabled=&#8220;0&#8243; locked=&#8220;off&#8220; global_colors_info=&#8220;{}&#8220; sticky_enabled=&#8220;0&#8243;][\/et_pb_image][et_pb_divider show_divider=&#8220;off&#8220; _builder_version=&#8220;4.19.1&#8243; _module_preset=&#8220;default&#8220; height_tablet=&#8220;80vw&#8220; height_phone=&#8220;80vw&#8220; height_last_edited=&#8220;on|tablet&#8220; global_colors_info=&#8220;{}&#8220;][\/et_pb_divider][\/et_pb_column][et_pb_column type=&#8220;1_5&#8243; _builder_version=&#8220;4.19.1&#8243; _module_preset=&#8220;default&#8220; global_colors_info=&#8220;{}&#8220;][et_pb_image src=&#8220;https:\/\/skinartsociety.de\/wp-content\/uploads\/2025\/11\/IMG_6091-scaled.jpeg&#8220; title_text=&#8220;IMG_6091&#8243; align=&#8220;center&#8220; _builder_version=&#8220;4.27.4&#8243; _module_preset=&#8220;default&#8220; custom_margin=&#8220;||60px||false|false&#8220; custom_margin_tablet=&#8220;||30px||false|false&#8220; custom_margin_phone=&#8220;||30px||false|false&#8220; custom_margin_last_edited=&#8220;on|tablet&#8220; hover_enabled=&#8220;0&#8243; locked=&#8220;off&#8220; global_colors_info=&#8220;{}&#8220; sticky_enabled=&#8220;0&#8243;][\/et_pb_image][\/et_pb_column][et_pb_column type=&#8220;1_5&#8243; _builder_version=&#8220;4.19.1&#8243; _module_preset=&#8220;default&#8220; global_colors_info=&#8220;{}&#8220;][et_pb_image src=&#8220;https:\/\/skinartsociety.de\/wp-content\/uploads\/2025\/11\/IMG_6662-scaled.jpeg&#8220; title_text=&#8220;IMG_6662&#8243; align=&#8220;center&#8220; _builder_version=&#8220;4.27.4&#8243; _module_preset=&#8220;default&#8220; hover_enabled=&#8220;0&#8243; locked=&#8220;off&#8220; global_colors_info=&#8220;{}&#8220; sticky_enabled=&#8220;0&#8243;][\/et_pb_image][\/et_pb_column][et_pb_column type=&#8220;1_5&#8243; _builder_version=&#8220;4.19.1&#8243; _module_preset=&#8220;default&#8220; global_colors_info=&#8220;{}&#8220;][et_pb_image src=&#8220;https:\/\/skinartsociety.de\/wp-content\/uploads\/2025\/11\/IMG_6651-scaled.jpeg&#8220; title_text=&#8220;IMG_6651&#8243; align=&#8220;center&#8220; _builder_version=&#8220;4.27.4&#8243; _module_preset=&#8220;default&#8220; hover_enabled=&#8220;0&#8243; global_colors_info=&#8220;{}&#8220; sticky_enabled=&#8220;0&#8243;][\/et_pb_image][\/et_pb_column][\/et_pb_row][\/et_pb_section]<\/p>\n","protected":false},"excerpt":{"rendered":"<p>PiercingWir sind deine Anlaufstelle, wenn es um pr\u00e4zise, stilvolle Piercings geht. Mit viel Feingef\u00fchl und einem Auge f\u00fcr \u00c4sthetik sorgen wir daf\u00fcr, dass dein neues Schmuckst\u00fcck perfekt sitzt und deine Pers\u00f6nlichkeit unterstreicht. Ob klassische Piercings, trendige Looks oder ausgefallene Ideen \u2013 wir sind immer offen f\u00fcr kreative Projekte und helfen dir, deinen individuellen Style zu [&hellip;]<\/p>\n","protected":false},"author":1,"featured_media":0,"parent":0,"menu_order":0,"comment_status":"closed","ping_status":"closed","template":"","meta":{"_et_pb_use_builder":"on","_et_pb_old_content":"","_et_gb_content_width":"","_monsterinsights_skip_tracking":false,"_monsterinsights_sitenote_active":false,"_monsterinsights_sitenote_note":"","_monsterinsights_sitenote_category":0,"footnotes":""},"class_list":["post-569","page","type-page","status-publish","hentry"],"yoast_head":"<!-- This site is optimized with the Yoast SEO plugin v27.4 - https:\/\/yoast.com\/product\/yoast-seo-wordpress\/ -->\n<title>Portfolio Piercing - Skin&amp;Art Society<\/title>\n<meta name=\"robots\" content=\"index, follow, max-snippet:-1, max-image-preview:large, max-video-preview:-1\" \/>\n<link rel=\"canonical\" href=\"https:\/\/skinartsociety.de\/?page_id=569\" \/>\n<meta property=\"og:locale\" content=\"de_DE\" \/>\n<meta property=\"og:type\" content=\"article\" \/>\n<meta property=\"og:title\" content=\"Portfolio Piercing - Skin&amp;Art Society\" \/>\n<meta property=\"og:description\" content=\"PiercingWir sind deine Anlaufstelle, wenn es um pr\u00e4zise, stilvolle Piercings geht. Mit viel Feingef\u00fchl und einem Auge f\u00fcr \u00c4sthetik sorgen wir daf\u00fcr, dass dein neues Schmuckst\u00fcck perfekt sitzt und deine Pers\u00f6nlichkeit unterstreicht. Ob klassische Piercings, trendige Looks oder ausgefallene Ideen \u2013 wir sind immer offen f\u00fcr kreative Projekte und helfen dir, deinen individuellen Style zu [&hellip;]\" \/>\n<meta property=\"og:url\" content=\"https:\/\/skinartsociety.de\/?page_id=569\" \/>\n<meta property=\"og:site_name\" content=\"Skin&amp;Art Society\" \/>\n<meta property=\"article:publisher\" content=\"https:\/\/www.facebook.com\/skinartsociety\" \/>\n<meta property=\"article:modified_time\" content=\"2025-11-08T12:06:48+00:00\" \/>\n<meta name=\"twitter:card\" content=\"summary_large_image\" \/>\n<meta name=\"twitter:label1\" content=\"Gesch\u00e4tzte Lesezeit\" \/>\n\t<meta name=\"twitter:data1\" content=\"4\u00a0Minuten\" \/>\n<script type=\"application\/ld+json\" class=\"yoast-schema-graph\">{\"@context\":\"https:\\\/\\\/schema.org\",\"@graph\":[{\"@type\":\"WebPage\",\"@id\":\"https:\\\/\\\/skinartsociety.de\\\/?page_id=569\",\"url\":\"https:\\\/\\\/skinartsociety.de\\\/?page_id=569\",\"name\":\"Portfolio Piercing - Skin&amp;Art Society\",\"isPartOf\":{\"@id\":\"https:\\\/\\\/skinartsociety.de\\\/#website\"},\"datePublished\":\"2025-04-25T08:27:07+00:00\",\"dateModified\":\"2025-11-08T12:06:48+00:00\",\"breadcrumb\":{\"@id\":\"https:\\\/\\\/skinartsociety.de\\\/?page_id=569#breadcrumb\"},\"inLanguage\":\"de\",\"potentialAction\":[{\"@type\":\"ReadAction\",\"target\":[\"https:\\\/\\\/skinartsociety.de\\\/?page_id=569\"]}]},{\"@type\":\"BreadcrumbList\",\"@id\":\"https:\\\/\\\/skinartsociety.de\\\/?page_id=569#breadcrumb\",\"itemListElement\":[{\"@type\":\"ListItem\",\"position\":1,\"name\":\"Startseite\",\"item\":\"https:\\\/\\\/skinartsociety.de\\\/\"},{\"@type\":\"ListItem\",\"position\":2,\"name\":\"Portfolio Piercing\"}]},{\"@type\":\"WebSite\",\"@id\":\"https:\\\/\\\/skinartsociety.de\\\/#website\",\"url\":\"https:\\\/\\\/skinartsociety.de\\\/\",\"name\":\"Skin&Art Society Tattoo\",\"description\":\"Wo Haut zu Kunst wird und Kunst ein Zuhause findet.\",\"publisher\":{\"@id\":\"https:\\\/\\\/skinartsociety.de\\\/#organization\"},\"potentialAction\":[{\"@type\":\"SearchAction\",\"target\":{\"@type\":\"EntryPoint\",\"urlTemplate\":\"https:\\\/\\\/skinartsociety.de\\\/?s={search_term_string}\"},\"query-input\":{\"@type\":\"PropertyValueSpecification\",\"valueRequired\":true,\"valueName\":\"search_term_string\"}}],\"inLanguage\":\"de\"},{\"@type\":\"Organization\",\"@id\":\"https:\\\/\\\/skinartsociety.de\\\/#organization\",\"name\":\"Skin&Art Society Tattoo\",\"url\":\"https:\\\/\\\/skinartsociety.de\\\/\",\"logo\":{\"@type\":\"ImageObject\",\"inLanguage\":\"de\",\"@id\":\"https:\\\/\\\/skinartsociety.de\\\/#\\\/schema\\\/logo\\\/image\\\/\",\"url\":\"https:\\\/\\\/skinartsociety.de\\\/wp-content\\\/uploads\\\/2024\\\/06\\\/sas_logo_BLK.png\",\"contentUrl\":\"https:\\\/\\\/skinartsociety.de\\\/wp-content\\\/uploads\\\/2024\\\/06\\\/sas_logo_BLK.png\",\"width\":2034,\"height\":1403,\"caption\":\"Skin&Art Society Tattoo\"},\"image\":{\"@id\":\"https:\\\/\\\/skinartsociety.de\\\/#\\\/schema\\\/logo\\\/image\\\/\"},\"sameAs\":[\"https:\\\/\\\/www.facebook.com\\\/skinartsociety\",\"https:\\\/\\\/www.instagram.com\\\/skinartsociety2024\"]}]}<\/script>\n<!-- \/ Yoast SEO plugin. -->","yoast_head_json":{"title":"Portfolio Piercing - Skin&amp;Art Society","robots":{"index":"index","follow":"follow","max-snippet":"max-snippet:-1","max-image-preview":"max-image-preview:large","max-video-preview":"max-video-preview:-1"},"canonical":"https:\/\/skinartsociety.de\/?page_id=569","og_locale":"de_DE","og_type":"article","og_title":"Portfolio Piercing - Skin&amp;Art Society","og_description":"PiercingWir sind deine Anlaufstelle, wenn es um pr\u00e4zise, stilvolle Piercings geht. Mit viel Feingef\u00fchl und einem Auge f\u00fcr \u00c4sthetik sorgen wir daf\u00fcr, dass dein neues Schmuckst\u00fcck perfekt sitzt und deine Pers\u00f6nlichkeit unterstreicht. Ob klassische Piercings, trendige Looks oder ausgefallene Ideen \u2013 wir sind immer offen f\u00fcr kreative Projekte und helfen dir, deinen individuellen Style zu [&hellip;]","og_url":"https:\/\/skinartsociety.de\/?page_id=569","og_site_name":"Skin&amp;Art Society","article_publisher":"https:\/\/www.facebook.com\/skinartsociety","article_modified_time":"2025-11-08T12:06:48+00:00","twitter_card":"summary_large_image","twitter_misc":{"Gesch\u00e4tzte Lesezeit":"4\u00a0Minuten"},"schema":{"@context":"https:\/\/schema.org","@graph":[{"@type":"WebPage","@id":"https:\/\/skinartsociety.de\/?page_id=569","url":"https:\/\/skinartsociety.de\/?page_id=569","name":"Portfolio Piercing - Skin&amp;Art Society","isPartOf":{"@id":"https:\/\/skinartsociety.de\/#website"},"datePublished":"2025-04-25T08:27:07+00:00","dateModified":"2025-11-08T12:06:48+00:00","breadcrumb":{"@id":"https:\/\/skinartsociety.de\/?page_id=569#breadcrumb"},"inLanguage":"de","potentialAction":[{"@type":"ReadAction","target":["https:\/\/skinartsociety.de\/?page_id=569"]}]},{"@type":"BreadcrumbList","@id":"https:\/\/skinartsociety.de\/?page_id=569#breadcrumb","itemListElement":[{"@type":"ListItem","position":1,"name":"Startseite","item":"https:\/\/skinartsociety.de\/"},{"@type":"ListItem","position":2,"name":"Portfolio Piercing"}]},{"@type":"WebSite","@id":"https:\/\/skinartsociety.de\/#website","url":"https:\/\/skinartsociety.de\/","name":"Skin&Art Society Tattoo","description":"Wo Haut zu Kunst wird und Kunst ein Zuhause findet.","publisher":{"@id":"https:\/\/skinartsociety.de\/#organization"},"potentialAction":[{"@type":"SearchAction","target":{"@type":"EntryPoint","urlTemplate":"https:\/\/skinartsociety.de\/?s={search_term_string}"},"query-input":{"@type":"PropertyValueSpecification","valueRequired":true,"valueName":"search_term_string"}}],"inLanguage":"de"},{"@type":"Organization","@id":"https:\/\/skinartsociety.de\/#organization","name":"Skin&Art Society Tattoo","url":"https:\/\/skinartsociety.de\/","logo":{"@type":"ImageObject","inLanguage":"de","@id":"https:\/\/skinartsociety.de\/#\/schema\/logo\/image\/","url":"https:\/\/skinartsociety.de\/wp-content\/uploads\/2024\/06\/sas_logo_BLK.png","contentUrl":"https:\/\/skinartsociety.de\/wp-content\/uploads\/2024\/06\/sas_logo_BLK.png","width":2034,"height":1403,"caption":"Skin&Art Society Tattoo"},"image":{"@id":"https:\/\/skinartsociety.de\/#\/schema\/logo\/image\/"},"sameAs":["https:\/\/www.facebook.com\/skinartsociety","https:\/\/www.instagram.com\/skinartsociety2024"]}]}},"_links":{"self":[{"href":"https:\/\/skinartsociety.de\/index.php?rest_route=\/wp\/v2\/pages\/569","targetHints":{"allow":["GET"]}}],"collection":[{"href":"https:\/\/skinartsociety.de\/index.php?rest_route=\/wp\/v2\/pages"}],"about":[{"href":"https:\/\/skinartsociety.de\/index.php?rest_route=\/wp\/v2\/types\/page"}],"author":[{"embeddable":true,"href":"https:\/\/skinartsociety.de\/index.php?rest_route=\/wp\/v2\/users\/1"}],"replies":[{"embeddable":true,"href":"https:\/\/skinartsociety.de\/index.php?rest_route=%2Fwp%2Fv2%2Fcomments&post=569"}],"version-history":[{"count":9,"href":"https:\/\/skinartsociety.de\/index.php?rest_route=\/wp\/v2\/pages\/569\/revisions"}],"predecessor-version":[{"id":650,"href":"https:\/\/skinartsociety.de\/index.php?rest_route=\/wp\/v2\/pages\/569\/revisions\/650"}],"wp:attachment":[{"href":"https:\/\/skinartsociety.de\/index.php?rest_route=%2Fwp%2Fv2%2Fmedia&parent=569"}],"curies":[{"name":"wp","href":"https:\/\/api.w.org\/{rel}","templated":true}]}}